{"id":9,"date":"2025-10-27T21:46:09","date_gmt":"2025-10-27T20:46:09","guid":{"rendered":"https:\/\/beemyexpert.com\/?page_id=9"},"modified":"2025-11-12T14:33:28","modified_gmt":"2025-11-12T13:33:28","slug":"accueil","status":"publish","type":"page","link":"https:\/\/beemyexpert.com\/","title":{"rendered":"Accueil"},"content":{"rendered":"\n<div class=\"wp-block-cover alignfull\" style=\"min-height:720px;aspect-ratio:unset;\"><span aria-hidden=\"true\" class=\"wp-block-cover__background has-ast-global-color-7-background-color has-background-dim-100 has-background-dim has-background-gradient has-luminous-vivid-amber-to-luminous-vivid-orange-gradient-background\"><\/span><div class=\"wp-block-cover__inner-container is-layout-flow wp-block-cover-is-layout-flow\">\n<div class=\"inherit-container-width wp-block-group alignwide is-layout-constrained wp-block-group-is-layout-constrained\">\n<div class=\"wp-block-media-text alignwide has-media-on-the-right is-stacked-on-mobile is-vertically-aligned-center\" style=\"grid-template-columns:auto 28%\"><div class=\"wp-block-media-text__content\">\n<h1 class=\"wp-block-heading has-text-align-left has-white-color has-text-color\">Organis\u00e9s comme une ruche, pr\u00e9cis comme un expert!<\/h1>\n\n\n\n<p class=\"has-white-color has-text-color\">Notre mission? Vous accompagner et vous conseiller, pour que vous soyez acteur de votre entreprise<\/p>\n\n\n\n<div class=\"wp-block-buttons is-layout-flex wp-block-buttons-is-layout-flex\">\n<div class=\"wp-block-button\"><a class=\"wp-block-button__link wp-element-button\" href=\"#contact\">Je prends rendez-vous !<\/a><\/div>\n<\/div>\n<\/div><figure class=\"wp-block-media-text__media\"><img loading=\"lazy\" decoding=\"async\" width=\"1024\" height=\"1024\" src=\"https:\/\/beemyexpert.com\/wp-content\/uploads\/2025\/10\/beebee-3-1024x1024.png\" alt=\"\" class=\"wp-image-35 size-full\" srcset=\"https:\/\/beemyexpert.com\/wp-content\/uploads\/2025\/10\/beebee-3-1024x1024.png 1024w, https:\/\/beemyexpert.com\/wp-content\/uploads\/2025\/10\/beebee-3-300x300.png 300w, https:\/\/beemyexpert.com\/wp-content\/uploads\/2025\/10\/beebee-3-150x150.png 150w, https:\/\/beemyexpert.com\/wp-content\/uploads\/2025\/10\/beebee-3-768x768.png 768w, https:\/\/beemyexpert.com\/wp-content\/uploads\/2025\/10\/beebee-3.png 1188w\" sizes=\"auto, (max-width: 1024px) 100vw, 1024px\" \/><\/figure><\/div>\n<\/div>\n<\/div><\/div>\n\n\n\n<div class=\"wp-block-group alignfull has-ast-global-color-5-background-color has-background is-layout-constrained wp-container-core-group-is-layout-9cedb757 wp-block-group-is-layout-constrained\" style=\"padding-bottom:0px\">\n<div class=\"wp-block-columns are-vertically-aligned-top is-layout-flex wp-container-core-columns-is-layout-00723822 wp-block-columns-is-layout-flex\">\n<div class=\"wp-block-column is-vertically-aligned-top is-layout-flow wp-container-core-column-is-layout-6b73ce23 wp-block-column-is-layout-flow\">\n<figure class=\"wp-block-image size-full is-resized\"><img loading=\"lazy\" decoding=\"async\" width=\"1024\" height=\"1024\" src=\"https:\/\/beemyexpert.com\/wp-content\/uploads\/2025\/11\/ChatGPT-Image-10-nov.-2025-12_26_11.png\" alt=\"\" class=\"wp-image-42\" style=\"width:55px;height:auto\" srcset=\"https:\/\/beemyexpert.com\/wp-content\/uploads\/2025\/11\/ChatGPT-Image-10-nov.-2025-12_26_11.png 1024w, https:\/\/beemyexpert.com\/wp-content\/uploads\/2025\/11\/ChatGPT-Image-10-nov.-2025-12_26_11-300x300.png 300w, https:\/\/beemyexpert.com\/wp-content\/uploads\/2025\/11\/ChatGPT-Image-10-nov.-2025-12_26_11-150x150.png 150w, https:\/\/beemyexpert.com\/wp-content\/uploads\/2025\/11\/ChatGPT-Image-10-nov.-2025-12_26_11-768x768.png 768w\" sizes=\"auto, (max-width: 1024px) 100vw, 1024px\" \/><\/figure>\n\n\n\n<h3 class=\"wp-block-heading has-text-align-left\" style=\"margin-top:16px\">Expertise<\/h3>\n\n\n\n<p class=\"has-text-align-left\">Une vision claire et des solutions pr\u00e9cises pour vos besoins comptables et fiscaux<\/p>\n<\/div>\n\n\n\n<div class=\"wp-block-column is-vertically-aligned-top is-layout-flow wp-container-core-column-is-layout-6b73ce23 wp-block-column-is-layout-flow\">\n<figure class=\"wp-block-image size-full is-resized\"><img loading=\"lazy\" decoding=\"async\" width=\"1024\" height=\"1024\" src=\"https:\/\/beemyexpert.com\/wp-content\/uploads\/2025\/11\/ChatGPT-Image-10-nov.-2025-12_26_11-1.png\" alt=\"\" class=\"wp-image-43\" style=\"width:56px;height:auto\" srcset=\"https:\/\/beemyexpert.com\/wp-content\/uploads\/2025\/11\/ChatGPT-Image-10-nov.-2025-12_26_11-1.png 1024w, https:\/\/beemyexpert.com\/wp-content\/uploads\/2025\/11\/ChatGPT-Image-10-nov.-2025-12_26_11-1-300x300.png 300w, https:\/\/beemyexpert.com\/wp-content\/uploads\/2025\/11\/ChatGPT-Image-10-nov.-2025-12_26_11-1-150x150.png 150w, https:\/\/beemyexpert.com\/wp-content\/uploads\/2025\/11\/ChatGPT-Image-10-nov.-2025-12_26_11-1-768x768.png 768w\" sizes=\"auto, (max-width: 1024px) 100vw, 1024px\" \/><\/figure>\n\n\n\n<h3 class=\"wp-block-heading has-text-align-left\" style=\"margin-top:16px\">Accompagnement<\/h3>\n\n\n\n<p class=\"has-text-align-left\">Un suivi humain et r\u00e9actif \u00e0 chaque \u00e9tape de votre d\u00e9veloppement<\/p>\n<\/div>\n\n\n\n<div class=\"wp-block-column is-vertically-aligned-top is-layout-flow wp-container-core-column-is-layout-6b73ce23 wp-block-column-is-layout-flow\">\n<figure class=\"wp-block-image size-full is-resized\"><img loading=\"lazy\" decoding=\"async\" width=\"1024\" height=\"1024\" src=\"https:\/\/beemyexpert.com\/wp-content\/uploads\/2025\/11\/ChatGPT-Image-10-nov.-2025-12_26_11-2.png\" alt=\"\" class=\"wp-image-44\" style=\"width:57px;height:auto\" srcset=\"https:\/\/beemyexpert.com\/wp-content\/uploads\/2025\/11\/ChatGPT-Image-10-nov.-2025-12_26_11-2.png 1024w, https:\/\/beemyexpert.com\/wp-content\/uploads\/2025\/11\/ChatGPT-Image-10-nov.-2025-12_26_11-2-300x300.png 300w, https:\/\/beemyexpert.com\/wp-content\/uploads\/2025\/11\/ChatGPT-Image-10-nov.-2025-12_26_11-2-150x150.png 150w, https:\/\/beemyexpert.com\/wp-content\/uploads\/2025\/11\/ChatGPT-Image-10-nov.-2025-12_26_11-2-768x768.png 768w\" sizes=\"auto, (max-width: 1024px) 100vw, 1024px\" \/><\/figure>\n\n\n\n<h3 class=\"wp-block-heading has-text-align-left\" style=\"margin-top:16px\">Optimisation<\/h3>\n\n\n\n<p class=\"has-text-align-left\">Des solutions sur mesure pour am\u00e9liorer vos performances financi\u00e8res<\/p>\n<\/div>\n\n\n\n<div class=\"wp-block-column is-vertically-aligned-top is-layout-flow wp-container-core-column-is-layout-6b73ce23 wp-block-column-is-layout-flow\">\n<figure class=\"wp-block-image size-full is-resized\"><img loading=\"lazy\" decoding=\"async\" width=\"1024\" height=\"1024\" src=\"https:\/\/beemyexpert.com\/wp-content\/uploads\/2025\/11\/ChatGPT-Image-10-nov.-2025-12_26_11-3.png\" alt=\"\" class=\"wp-image-45\" style=\"width:57px;height:auto\" srcset=\"https:\/\/beemyexpert.com\/wp-content\/uploads\/2025\/11\/ChatGPT-Image-10-nov.-2025-12_26_11-3.png 1024w, https:\/\/beemyexpert.com\/wp-content\/uploads\/2025\/11\/ChatGPT-Image-10-nov.-2025-12_26_11-3-300x300.png 300w, https:\/\/beemyexpert.com\/wp-content\/uploads\/2025\/11\/ChatGPT-Image-10-nov.-2025-12_26_11-3-150x150.png 150w, https:\/\/beemyexpert.com\/wp-content\/uploads\/2025\/11\/ChatGPT-Image-10-nov.-2025-12_26_11-3-768x768.png 768w\" sizes=\"auto, (max-width: 1024px) 100vw, 1024px\" \/><\/figure>\n\n\n\n<h3 class=\"wp-block-heading has-text-align-left\" style=\"margin-top:16px\">Confiance<\/h3>\n\n\n\n<p class=\"has-text-align-left\">Une relation durable, fond\u00e9e sur la transparence et l\u2019\u00e9coute<\/p>\n<\/div>\n<\/div>\n<\/div>\n\n\n\n<div class=\"wp-block-group alignfull is-layout-constrained wp-container-core-group-is-layout-45b0ac4f wp-block-group-is-layout-constrained\" id=\"services\" style=\"padding-top:144px;padding-bottom:0px\">\n<h2 class=\"wp-block-heading\">Nos Services<\/h2>\n\n\n\n<div class=\"wp-block-columns is-layout-flex wp-container-core-columns-is-layout-60cbf9bb wp-block-columns-is-layout-flex\" style=\"margin-top:50px\">\n<div class=\"wp-block-column is-layout-flow wp-container-core-column-is-layout-6b73ce23 wp-block-column-is-layout-flow\">\n<figure class=\"wp-block-image size-full is-resized\"><img loading=\"lazy\" decoding=\"async\" width=\"1707\" height=\"2560\" src=\"https:\/\/beemyexpert.com\/wp-content\/uploads\/2025\/11\/pexels-ron-lach-8036331-scaled.jpg\" alt=\"\" class=\"wp-image-70\" style=\"width:309px;height:auto\" srcset=\"https:\/\/beemyexpert.com\/wp-content\/uploads\/2025\/11\/pexels-ron-lach-8036331-scaled.jpg 1707w, https:\/\/beemyexpert.com\/wp-content\/uploads\/2025\/11\/pexels-ron-lach-8036331-200x300.jpg 200w, https:\/\/beemyexpert.com\/wp-content\/uploads\/2025\/11\/pexels-ron-lach-8036331-683x1024.jpg 683w, https:\/\/beemyexpert.com\/wp-content\/uploads\/2025\/11\/pexels-ron-lach-8036331-768x1152.jpg 768w, https:\/\/beemyexpert.com\/wp-content\/uploads\/2025\/11\/pexels-ron-lach-8036331-1024x1536.jpg 1024w, https:\/\/beemyexpert.com\/wp-content\/uploads\/2025\/11\/pexels-ron-lach-8036331-1365x2048.jpg 1365w\" sizes=\"auto, (max-width: 1707px) 100vw, 1707px\" \/><\/figure>\n\n\n\n<h3 class=\"wp-block-heading\" style=\"margin-top:16px\">Tenue et r\u00e9vision comptable<\/h3>\n\n\n\n<p>Une gestion rigoureuse et fiable pour assurer la conformit\u00e9 et la s\u00e9r\u00e9nit\u00e9 de votre entreprise<\/p>\n<\/div>\n\n\n\n<div class=\"wp-block-column is-layout-flow wp-container-core-column-is-layout-6b73ce23 wp-block-column-is-layout-flow\">\n<figure class=\"wp-block-image size-full is-resized\"><img loading=\"lazy\" decoding=\"async\" width=\"1708\" height=\"2560\" src=\"https:\/\/beemyexpert.com\/wp-content\/uploads\/2025\/11\/pexels-fauxels-3183165-scaled.jpg\" alt=\"\" class=\"wp-image-67\" style=\"width:310px;height:auto\" srcset=\"https:\/\/beemyexpert.com\/wp-content\/uploads\/2025\/11\/pexels-fauxels-3183165-scaled.jpg 1708w, https:\/\/beemyexpert.com\/wp-content\/uploads\/2025\/11\/pexels-fauxels-3183165-200x300.jpg 200w, https:\/\/beemyexpert.com\/wp-content\/uploads\/2025\/11\/pexels-fauxels-3183165-683x1024.jpg 683w, https:\/\/beemyexpert.com\/wp-content\/uploads\/2025\/11\/pexels-fauxels-3183165-768x1151.jpg 768w, https:\/\/beemyexpert.com\/wp-content\/uploads\/2025\/11\/pexels-fauxels-3183165-1025x1536.jpg 1025w, https:\/\/beemyexpert.com\/wp-content\/uploads\/2025\/11\/pexels-fauxels-3183165-1367x2048.jpg 1367w\" sizes=\"auto, (max-width: 1708px) 100vw, 1708px\" \/><\/figure>\n\n\n\n<h3 class=\"wp-block-heading\" style=\"margin-top:16px\">Conseil et pilotage financier<\/h3>\n\n\n\n<p>Pour transformer vos chiffres en leviers de performance et de croissance<\/p>\n<\/div>\n\n\n\n<div class=\"wp-block-column is-layout-flow wp-container-core-column-is-layout-6b73ce23 wp-block-column-is-layout-flow\">\n<figure class=\"wp-block-image size-full is-resized\"><img loading=\"lazy\" decoding=\"async\" width=\"1707\" height=\"2560\" src=\"https:\/\/beemyexpert.com\/wp-content\/uploads\/2025\/11\/pexels-polina-zimmerman-3746957-scaled.jpg\" alt=\"\" class=\"wp-image-72\" style=\"width:309px;height:auto\" srcset=\"https:\/\/beemyexpert.com\/wp-content\/uploads\/2025\/11\/pexels-polina-zimmerman-3746957-scaled.jpg 1707w, https:\/\/beemyexpert.com\/wp-content\/uploads\/2025\/11\/pexels-polina-zimmerman-3746957-200x300.jpg 200w, https:\/\/beemyexpert.com\/wp-content\/uploads\/2025\/11\/pexels-polina-zimmerman-3746957-683x1024.jpg 683w, https:\/\/beemyexpert.com\/wp-content\/uploads\/2025\/11\/pexels-polina-zimmerman-3746957-768x1152.jpg 768w, https:\/\/beemyexpert.com\/wp-content\/uploads\/2025\/11\/pexels-polina-zimmerman-3746957-1024x1536.jpg 1024w, https:\/\/beemyexpert.com\/wp-content\/uploads\/2025\/11\/pexels-polina-zimmerman-3746957-1365x2048.jpg 1365w\" sizes=\"auto, (max-width: 1707px) 100vw, 1707px\" \/><\/figure>\n\n\n\n<h3 class=\"wp-block-heading\" style=\"margin-top:16px\">Social et assistance administrative<\/h3>\n\n\n\n<p>Un accompagnement complet pour simplifier vos d\u00e9marches et valoriser votre capital humain<\/p>\n<\/div>\n<\/div>\n<\/div>\n\n\n\n<div class=\"wp-block-group alignfull has-ast-global-color-5-background-color has-background is-layout-constrained wp-container-core-group-is-layout-94d206d0 wp-block-group-is-layout-constrained\" id=\"about\" style=\"padding-top:143px;padding-bottom:144px\">\n<div class=\"wp-block-media-text has-media-on-the-right is-stacked-on-mobile is-vertically-aligned-center\" style=\"grid-template-columns:auto 48%\"><div class=\"wp-block-media-text__content\">\n<div class=\"inherit-container-width wp-block-group is-layout-constrained wp-container-core-group-is-layout-47ce07ec wp-block-group-is-layout-constrained\" style=\"padding-right:80px\">\n<h2 class=\"wp-block-heading\" style=\"padding-right:40px\">\u00c0 propos<\/h2>\n\n\n\n<p>Chez <strong>BEEMYEXPERT<\/strong>, nous partageons la philosophie des abeilles :<br><strong>organisation, collaboration et efficacit\u00e9<\/strong>.<br>Chaque entreprise est une ruche \u00e0 faire prosp\u00e9rer, et nous sommes l\u00e0 pour en tirer le meilleur miel : la performance durable.<\/p>\n\n\n\n<p>Nous sommes passionn\u00e9s par le conseil et la proximit\u00e9.<br>Notre ambition : <strong>accompagner moins de clients qu&rsquo;un cabinet classique, mais mieux<\/strong>, avec \u00e9coute, disponibilit\u00e9 et p\u00e9dagogie.<\/p>\n\n\n\n<p>Trop d\u2019entreprises ne voient leur expert qu\u2019une fois par an.<br>Nous faisons les choses autrement : un <strong>cabinet 100 % digital<\/strong>, pr\u00e9sent <strong>partout en France et dans les DOM<\/strong>, pour un suivi r\u00e9actif, humain et concret.<\/p>\n\n\n\n<p><\/p>\n<\/div>\n<\/div><figure class=\"wp-block-media-text__media\"><img loading=\"lazy\" decoding=\"async\" width=\"1024\" height=\"683\" src=\"https:\/\/beemyexpert.com\/wp-content\/uploads\/2025\/11\/pexels-akilmazumder-1072824-1024x683.jpg\" alt=\"\" class=\"wp-image-74 size-full\" srcset=\"https:\/\/beemyexpert.com\/wp-content\/uploads\/2025\/11\/pexels-akilmazumder-1072824-1024x683.jpg 1024w, https:\/\/beemyexpert.com\/wp-content\/uploads\/2025\/11\/pexels-akilmazumder-1072824-300x200.jpg 300w, https:\/\/beemyexpert.com\/wp-content\/uploads\/2025\/11\/pexels-akilmazumder-1072824-768x512.jpg 768w, https:\/\/beemyexpert.com\/wp-content\/uploads\/2025\/11\/pexels-akilmazumder-1072824-1536x1024.jpg 1536w, https:\/\/beemyexpert.com\/wp-content\/uploads\/2025\/11\/pexels-akilmazumder-1072824-2048x1365.jpg 2048w\" sizes=\"auto, (max-width: 1024px) 100vw, 1024px\" \/><\/figure><\/div>\n<\/div>\n\n\n\n<div class=\"wp-block-group alignfull has-ast-global-color-4-background-color has-background is-layout-constrained wp-container-core-group-is-layout-6a2cfb7b wp-block-group-is-layout-constrained\" id=\"reviews\">\n<figure class=\"wp-block-image aligncenter size-full is-resized\"><img loading=\"lazy\" decoding=\"async\" width=\"1024\" height=\"1024\" src=\"https:\/\/beemyexpert.com\/wp-content\/uploads\/2025\/11\/bee-rond.png\" alt=\"\" class=\"wp-image-53\" style=\"width:90px;height:auto\" srcset=\"https:\/\/beemyexpert.com\/wp-content\/uploads\/2025\/11\/bee-rond.png 1024w, https:\/\/beemyexpert.com\/wp-content\/uploads\/2025\/11\/bee-rond-300x300.png 300w, https:\/\/beemyexpert.com\/wp-content\/uploads\/2025\/11\/bee-rond-150x150.png 150w, https:\/\/beemyexpert.com\/wp-content\/uploads\/2025\/11\/bee-rond-768x768.png 768w\" sizes=\"auto, (max-width: 1024px) 100vw, 1024px\" \/><\/figure>\n\n\n\n<p class=\"has-text-align-center\" style=\"font-size:22px;line-height:1.6\">L\u2019abeille est un mod\u00e8le de r\u00e9ussite : elle travaille avec pr\u00e9cision, constance et toujours pour le bien commun<\/p>\n\n\n\n<p class=\"has-text-align-center\">Inspir\u00e9 de Saint Jean Chrysostome<\/p>\n<\/div>\n\n\n\n<div class=\"wp-block-group alignfull is-layout-constrained wp-container-core-group-is-layout-3fee123f wp-block-group-is-layout-constrained\" id=\"whyus\" style=\"padding-top:144px;padding-bottom:144px\">\n<h2 class=\"wp-block-heading\">Pourquoi nous <\/h2>\n\n\n\n<div class=\"wp-block-columns is-layout-flex wp-container-core-columns-is-layout-29aadeec wp-block-columns-is-layout-flex\" style=\"margin-top:60px\">\n<div class=\"wp-block-column is-layout-flow wp-container-core-column-is-layout-6b73ce23 wp-block-column-is-layout-flow\">\n<figure class=\"wp-block-image size-full is-resized\"><img loading=\"lazy\" decoding=\"async\" width=\"1024\" height=\"1024\" src=\"https:\/\/beemyexpert.com\/wp-content\/uploads\/2025\/11\/Logo-bee-only.png\" alt=\"\" class=\"wp-image-47\" style=\"width:80px;height:auto\" srcset=\"https:\/\/beemyexpert.com\/wp-content\/uploads\/2025\/11\/Logo-bee-only.png 1024w, https:\/\/beemyexpert.com\/wp-content\/uploads\/2025\/11\/Logo-bee-only-300x300.png 300w, https:\/\/beemyexpert.com\/wp-content\/uploads\/2025\/11\/Logo-bee-only-150x150.png 150w, https:\/\/beemyexpert.com\/wp-content\/uploads\/2025\/11\/Logo-bee-only-768x768.png 768w\" sizes=\"auto, (max-width: 1024px) 100vw, 1024px\" \/><\/figure>\n\n\n\n<h3 class=\"wp-block-heading\" style=\"margin-top:16px\">Simplicit\u00e9<\/h3>\n\n\n\n<p>Une comptabilit\u00e9 rendue accessible et compr\u00e9hensible pour tous<\/p>\n<\/div>\n\n\n\n<div class=\"wp-block-column is-layout-flow wp-container-core-column-is-layout-6b73ce23 wp-block-column-is-layout-flow\">\n<figure class=\"wp-block-image size-full is-resized\"><img loading=\"lazy\" decoding=\"async\" width=\"1024\" height=\"1024\" src=\"https:\/\/beemyexpert.com\/wp-content\/uploads\/2025\/11\/Logo-bee-only-1.png\" alt=\"\" class=\"wp-image-48\" style=\"width:67px;height:auto\" srcset=\"https:\/\/beemyexpert.com\/wp-content\/uploads\/2025\/11\/Logo-bee-only-1.png 1024w, https:\/\/beemyexpert.com\/wp-content\/uploads\/2025\/11\/Logo-bee-only-1-300x300.png 300w, https:\/\/beemyexpert.com\/wp-content\/uploads\/2025\/11\/Logo-bee-only-1-150x150.png 150w, https:\/\/beemyexpert.com\/wp-content\/uploads\/2025\/11\/Logo-bee-only-1-768x768.png 768w\" sizes=\"auto, (max-width: 1024px) 100vw, 1024px\" \/><\/figure>\n\n\n\n<h3 class=\"wp-block-heading\" style=\"margin-top:16px\">R\u00e9activit\u00e9<\/h3>\n\n\n\n<p>Des r\u00e9ponses rapides et un accompagnement constant \u00e0 chaque \u00e9tape<\/p>\n<\/div>\n\n\n\n<div class=\"wp-block-column is-layout-flow wp-container-core-column-is-layout-6b73ce23 wp-block-column-is-layout-flow\">\n<figure class=\"wp-block-image size-full is-resized\"><img loading=\"lazy\" decoding=\"async\" width=\"1024\" height=\"1024\" src=\"https:\/\/beemyexpert.com\/wp-content\/uploads\/2025\/11\/Logo-bee-only-2.png\" alt=\"\" class=\"wp-image-49\" style=\"width:74px;height:auto\" srcset=\"https:\/\/beemyexpert.com\/wp-content\/uploads\/2025\/11\/Logo-bee-only-2.png 1024w, https:\/\/beemyexpert.com\/wp-content\/uploads\/2025\/11\/Logo-bee-only-2-300x300.png 300w, https:\/\/beemyexpert.com\/wp-content\/uploads\/2025\/11\/Logo-bee-only-2-150x150.png 150w, https:\/\/beemyexpert.com\/wp-content\/uploads\/2025\/11\/Logo-bee-only-2-768x768.png 768w\" sizes=\"auto, (max-width: 1024px) 100vw, 1024px\" \/><\/figure>\n\n\n\n<h3 class=\"wp-block-heading\" style=\"margin-top:16px\">100% \u00e0 distance<\/h3>\n\n\n\n<p>Un service enti\u00e8rement en ligne, accessible o\u00f9 que vous soyez gr\u00e2ce \u00e0 une plateforme d\u00e9di\u00e9e<\/p>\n<\/div>\n<\/div>\n<\/div>\n\n\n\n<div class=\"wp-block-group alignfull has-background is-layout-constrained wp-container-core-group-is-layout-cfcca693 wp-block-group-is-layout-constrained\" id=\"contact\" style=\"background:linear-gradient(35deg,rgb(6,0,151) 0%,rgb(130,4,255) 64%,rgb(193,15,255) 98%);padding-top:104px;padding-bottom:104px\">\n<h2 class=\"wp-block-heading has-text-align-center has-text-color\" style=\"color:#ffffff\">Contactez nous !<\/h2>\n\n\n\n<div class=\"wp-block-buttons alignwide is-horizontal is-content-justification-center is-layout-flex wp-container-core-buttons-is-layout-bba8380a wp-block-buttons-is-layout-flex\" style=\"margin-top:50px\">\n<div class=\"wp-block-button\" id=\"formulaire\"><a class=\"wp-block-button__link wp-element-button\" href=\"#formulaire\">Formulaire ci-dessous<\/a><\/div>\n<\/div>\n<\/div>\n\n\n\n<div class=\"wpcf7 no-js\" id=\"wpcf7-f112-o1\" lang=\"fr-FR\" dir=\"ltr\" data-wpcf7-id=\"112\">\n<div class=\"screen-reader-response\"><p role=\"status\" aria-live=\"polite\" aria-atomic=\"true\"><\/p> <ul><\/ul><\/div>\n<form action=\"\/index.php\/wp-json\/wp\/v2\/pages\/9#wpcf7-f112-o1\" method=\"post\" class=\"wpcf7-form init\" aria-label=\"Formulaire de contact\" novalidate=\"novalidate\" data-status=\"init\">\n<fieldset class=\"hidden-fields-container\"><input type=\"hidden\" name=\"_wpcf7\" value=\"112\" \/><input type=\"hidden\" name=\"_wpcf7_version\" value=\"6.1.3\" \/><input type=\"hidden\" name=\"_wpcf7_locale\" value=\"fr_FR\" \/><input type=\"hidden\" name=\"_wpcf7_unit_tag\" value=\"wpcf7-f112-o1\" \/><input type=\"hidden\" name=\"_wpcf7_container_post\" value=\"0\" \/><input type=\"hidden\" name=\"_wpcf7_posted_data_hash\" value=\"\" \/><input type=\"hidden\" name=\"_wpcf7_recaptcha_response\" value=\"\" \/>\n<\/fieldset>\n<p><label> Votre nom<br \/>\n<span class=\"wpcf7-form-control-wrap\" data-name=\"your-name\"><input size=\"40\" maxlength=\"400\" class=\"wpcf7-form-control wpcf7-text wpcf7-validates-as-required\" autocomplete=\"name\" aria-required=\"true\" aria-invalid=\"false\" value=\"\" type=\"text\" name=\"your-name\" \/><\/span> <\/label>\n<\/p>\n<p><label> Votre e-mail<br \/>\n<span class=\"wpcf7-form-control-wrap\" data-name=\"your-email\"><input size=\"40\" maxlength=\"400\" class=\"wpcf7-form-control wpcf7-email wpcf7-validates-as-required wpcf7-text wpcf7-validates-as-email\" autocomplete=\"email\" aria-required=\"true\" aria-invalid=\"false\" value=\"\" type=\"email\" name=\"your-email\" \/><\/span> <\/label>\n<\/p>\n<p><label> Objet<br \/>\n<span class=\"wpcf7-form-control-wrap\" data-name=\"your-subject\"><input size=\"40\" maxlength=\"400\" class=\"wpcf7-form-control wpcf7-text wpcf7-validates-as-required\" aria-required=\"true\" aria-invalid=\"false\" value=\"\" type=\"text\" name=\"your-subject\" \/><\/span> <\/label>\n<\/p>\n<p><label> Votre message (facultatif)<br \/>\n<span class=\"wpcf7-form-control-wrap\" data-name=\"your-message\"><textarea cols=\"40\" rows=\"10\" maxlength=\"2000\" class=\"wpcf7-form-control wpcf7-textarea\" aria-invalid=\"false\" name=\"your-message\"><\/textarea><\/span> <\/label>\n<\/p>\n<p><input class=\"wpcf7-form-control wpcf7-submit has-spinner\" type=\"submit\" value=\"Envoyer\" \/>\n<\/p><div class=\"wpcf7-response-output\" aria-hidden=\"true\"><\/div>\n<\/form>\n<\/div>\n\n\n\n\n<p id=\"formulaire\"><\/p>\n\n\n\n<p><\/p>\n","protected":false},"excerpt":{"rendered":"<p>Expertise Une vision claire et des solutions pr\u00e9cises pour vos besoins comptables et fiscaux Accompagnement Un suivi humain et r\u00e9actif [&hellip;]<\/p>\n","protected":false},"author":1,"featured_media":0,"parent":0,"menu_order":0,"comment_status":"closed","ping_status":"closed","template":"","meta":{"site-sidebar-layout":"no-sidebar","site-content-layout":"plain-container","ast-site-content-layout":"default","site-content-style":"default","site-sidebar-style":"default","ast-global-header-display":"","ast-banner-title-visibility":"","ast-main-header-display":"","ast-hfb-above-header-display":"","ast-hfb-below-header-display":"","ast-hfb-mobile-header-display":"","site-post-title":"disabled","ast-breadcrumbs-content":"","ast-featured-img":"","footer-sml-layout":"","theme-transparent-header-meta":"enabled","adv-header-id-meta":"","stick-header-meta":"","header-above-stick-meta":"","header-main-stick-meta":"","header-below-stick-meta":"","astra-migrate-meta-layouts":"default","ast-page-background-enabled":"default","ast-page-background-meta":{"desktop":{"background-color":"var(--ast-global-color-5)","background-image":"","background-repeat":"repeat","background-position":"center center","background-size":"auto","background-attachment":"scroll","background-type":"","background-media":"","overlay-type":"","overlay-color":"","overlay-opacity":"","overlay-gradient":""},"tablet":{"background-color":"","background-image":"","background-repeat":"repeat","background-position":"center center","background-size":"auto","background-attachment":"scroll","background-type":"","background-media":"","overlay-type":"","overlay-color":"","overlay-opacity":"","overlay-gradient":""},"mobile":{"background-color":"","background-image":"","background-repeat":"repeat","background-position":"center center","background-size":"auto","background-attachment":"scroll","background-type":"","background-media":"","overlay-type":"","overlay-color":"","overlay-opacity":"","overlay-gradient":""}},"ast-content-background-meta":{"desktop":{"background-color":"var(--ast-global-color-4)","background-image":"","background-repeat":"repeat","background-position":"center center","background-size":"auto","background-attachment":"scroll","background-type":"","background-media":"","overlay-type":"","overlay-color":"","overlay-opacity":"","overlay-gradient":""},"tablet":{"background-color":"var(--ast-global-color-4)","background-image":"","background-repeat":"repeat","background-position":"center center","background-size":"auto","background-attachment":"scroll","background-type":"","background-media":"","overlay-type":"","overlay-color":"","overlay-opacity":"","overlay-gradient":""},"mobile":{"background-color":"var(--ast-global-color-4)","background-image":"","background-repeat":"repeat","background-position":"center center","background-size":"auto","background-attachment":"scroll","background-type":"","background-media":"","overlay-type":"","overlay-color":"","overlay-opacity":"","overlay-gradient":""}},"footnotes":""},"class_list":["post-9","page","type-page","status-publish","hentry"],"_links":{"self":[{"href":"https:\/\/beemyexpert.com\/index.php\/wp-json\/wp\/v2\/pages\/9","targetHints":{"allow":["GET"]}}],"collection":[{"href":"https:\/\/beemyexpert.com\/index.php\/wp-json\/wp\/v2\/pages"}],"about":[{"href":"https:\/\/beemyexpert.com\/index.php\/wp-json\/wp\/v2\/types\/page"}],"author":[{"embeddable":true,"href":"https:\/\/beemyexpert.com\/index.php\/wp-json\/wp\/v2\/users\/1"}],"replies":[{"embeddable":true,"href":"https:\/\/beemyexpert.com\/index.php\/wp-json\/wp\/v2\/comments?post=9"}],"version-history":[{"count":27,"href":"https:\/\/beemyexpert.com\/index.php\/wp-json\/wp\/v2\/pages\/9\/revisions"}],"predecessor-version":[{"id":136,"href":"https:\/\/beemyexpert.com\/index.php\/wp-json\/wp\/v2\/pages\/9\/revisions\/136"}],"wp:attachment":[{"href":"https:\/\/beemyexpert.com\/index.php\/wp-json\/wp\/v2\/media?parent=9"}],"curies":[{"name":"wp","href":"https:\/\/api.w.org\/{rel}","templated":true}]}}